{"id":11,"date":"2024-10-02T12:25:56","date_gmt":"2024-10-02T12:25:56","guid":{"rendered":"https:\/\/miracoeppikus.de\/ueber\/"},"modified":"2026-02-19T13:41:17","modified_gmt":"2026-02-19T13:41:17","slug":"ueber","status":"publish","type":"page","link":"https:\/\/miracoeppikus.de\/en\/ueber\/","title":{"rendered":"CV"},"content":{"rendered":"<p>Mira C\u00f6ppikus is a young German soprano with a lyrical voice and dramatic potential.&nbsp;<\/p>\n\n\n\n<p class=\"translation-block\">Since 2022, she has been studying classical singing\/musical theatre (Bachelor of Music) with Prof. Brigitte Wohlfarth at the Felix Mendelssohn Bartholdy University of Music and Theatre in Leipzig.<\/p>\n\n\n\n<p>Alongside her studies, she continues to develop her skills \u2013 since 2021 through regular workshops and repeated participation in summer masterclasses in Meissen with <strong>Lucja Zarzycka<\/strong>, with whom she also prepared for her entrance exam.<\/p>\n\n\n\n<p>Mira began her vocal training at an early age at the L\u00fcnen Music School, where she sang in the children's, youth and chamber choirs under the direction of Monika Bergmann for many years and received her first singing lessons at the age of ten. In Berlin, she took lessons with Silvia Lacchia and began the preparatory programme at the Charlottenburg-Wilmersdorf Music School with \u00c9lo\u00efse Cenac-Morth\u00e9. In 2021, she sang in the youth choir of the Staatsoper Unter den Linden in Berlin for several months and had the opportunity to perform as a soloist and chorister at the anniversary of the Vienna State Opera's opera school, among other events.<\/p>\n\n\n\n<p>Mira has already received numerous awards for her artistic achievements.&nbsp;<\/p>\n\n\n\n<p>Die <strong>Stadt L\u00fcnen<\/strong> hat sie <strong>2025<\/strong> mit dem <strong>Kulturf\u00f6rderpreis<\/strong> ausgezeichnet, um damit ihr Engagement und ihre bisherige k\u00fcnstlerische Laufbahn zu ehren.<\/p>\n\n\n\n<p>Sie ist <strong>Finalistin<\/strong> beim <strong>Richard-Wagner-Nachwuchspreis<\/strong> (Januar 2025) sowie beim <strong>Bundeswettbewerb Gesang Berlin<\/strong> ( November 2024).&nbsp;<\/p>\n\n\n\n<p>Im Winter 2024 wurde sie als <strong>Stipendiatin von Yehudi Menuhin Live Music now e.V. <\/strong>aufgenommen.<\/p>\n\n\n\n<p>Beim internationalen Wettbewerb <strong>Young Voices Alpe Adria<\/strong> in Graz (August 2024) wurde sie als <strong>Finalistin<\/strong> mit einem <strong>Anerkennungspreis f\u00fcr herausragende k\u00fcnstlerische Leistungen<\/strong> geehrt.&nbsp;<\/p>\n\n\n\n<p>Seit 2024 wird sie durch das <strong>Deutschlandstipendium<\/strong> gef\u00f6rdert.<\/p>\n\n\n\n<p>Zudem erhielt sie 2023 den 1. Preis beim <strong>VIII. Danubia Talents International Competition<\/strong> in Budapest, ihrem ersten internationalen Wettbewerb.<\/p>\n\n\n\n<p>In ihrer Jugend nahm sie mehrfach sehr erfolgreich mit ersten Preisen bei <strong>Jugend musiziert <\/strong>teil, das erste Mal im Alter von 12 Jahren.<\/p>\n\n\n\n<p>The young soprano gained her first stage experience in opera in university productions:&nbsp;<\/p>\n\n\n\n<p>In 2024, she appeared on stage in the <strong>chorus<\/strong> of <strong>Otto Nicolai\u2018s <\/strong><strong><em>The Merry Wives of Windsor<\/em><\/strong>, a production directed by Karoline Gruber.<\/p>\n\n\n\n<p>In the same year she played a part in <strong>Giacomo Puccini\u2018s <\/strong><strong><em>Suor Angelica<\/em><\/strong> (2024, directed by Lea Willeke) as <strong>2. Conversa, Cercatrice and choirist<\/strong> .&nbsp;<\/p>\n\n\n\n<p>In <strong>Leo\u0161 Jan\u00e1\u010dek\u2018s <\/strong><strong><em>Das schlaue F\u00fcchslein<\/em><\/strong> (2023, directed by Karoline Gruber) she played multiple parts - <strong>grasshopper, Pepik, fox child<\/strong> - and participated in the choir.&nbsp;<\/p>\n\n\n\n<p>She played her first major role in November 2025 in <strong>Benjamin Britten\u2018s <em>The Turn of Screw<\/em><\/strong> als <strong>Mrs Grose<\/strong> directed by Michael H\u00f6ppner.<\/p>\n\n\n\n<figure class=\"wp-block-gallery has-nested-images columns-default is-cropped wp-block-gallery-1 is-layout-flex wp-block-gallery-is-layout-flex\">\n<figure class=\"wp-block-image size-large is-style-default\"><img loading=\"lazy\" decoding=\"async\" width=\"1024\" height=\"894\" data-id=\"305\" src=\"https:\/\/miracoeppikus.de\/wp-content\/uploads\/2025\/09\/IMG_9866-1024x894.jpeg\" alt=\"\" class=\"wp-image-305\" srcset=\"https:\/\/miracoeppikus.de\/wp-content\/uploads\/2025\/09\/IMG_9866-1024x894.jpeg 1024w, https:\/\/miracoeppikus.de\/wp-content\/uploads\/2025\/09\/IMG_9866-300x262.jpeg 300w, https:\/\/miracoeppikus.de\/wp-content\/uploads\/2025\/09\/IMG_9866-768x671.jpeg 768w, https:\/\/miracoeppikus.de\/wp-content\/uploads\/2025\/09\/IMG_9866-1536x1341.jpeg 1536w, https:\/\/miracoeppikus.de\/wp-content\/uploads\/2025\/09\/IMG_9866-2048x1788.jpeg 2048w\" sizes=\"auto, (max-width: 1024px) 100vw, 1024px\" \/><\/figure>\n\n\n\n<figure class=\"wp-block-image size-large\"><img decoding=\"async\" data-id=\"174\" src=\"https:\/\/miracoeppikus.de\/wp-content\/uploads\/2025\/06\/005_VKA-NMY-NTV-6-von-13_1750697735965.jpg\" alt=\"\" class=\"wp-image-174\"\/><\/figure>\n<\/figure>\n\n\n\n<p><\/p>","protected":false},"excerpt":{"rendered":"<p>Mira C\u00f6ppikus ist eine junge deutsche Sopranistin mit lyrischer Stimme und dramatischem Potential.&nbsp; Seit 2022 studiert sie Klassischen Gesang \/ Musiktheater (Bachelor of Music) bei Prof. Brigitte Wohlfarth an der Hochschule f\u00fcr Musik und Theater \u201eFelix Mendelssohn Bartholdy\u201c Leipzig.&nbsp; Parallel zum Studium bildet sie sich kontinuierlich fort \u2013 seit 2021 durch regelm\u00e4\u00dfige Workshops und mehrfache [&hellip;]<\/p>\n","protected":false},"author":1,"featured_media":0,"parent":0,"menu_order":0,"comment_status":"closed","ping_status":"closed","template":"","meta":{"footnotes":""},"class_list":["post-11","page","type-page","status-publish","hentry"],"aioseo_notices":[],"_links":{"self":[{"href":"https:\/\/miracoeppikus.de\/en\/wp-json\/wp\/v2\/pages\/11","targetHints":{"allow":["GET"]}}],"collection":[{"href":"https:\/\/miracoeppikus.de\/en\/wp-json\/wp\/v2\/pages"}],"about":[{"href":"https:\/\/miracoeppikus.de\/en\/wp-json\/wp\/v2\/types\/page"}],"author":[{"embeddable":true,"href":"https:\/\/miracoeppikus.de\/en\/wp-json\/wp\/v2\/users\/1"}],"replies":[{"embeddable":true,"href":"https:\/\/miracoeppikus.de\/en\/wp-json\/wp\/v2\/comments?post=11"}],"version-history":[{"count":23,"href":"https:\/\/miracoeppikus.de\/en\/wp-json\/wp\/v2\/pages\/11\/revisions"}],"predecessor-version":[{"id":461,"href":"https:\/\/miracoeppikus.de\/en\/wp-json\/wp\/v2\/pages\/11\/revisions\/461"}],"wp:attachment":[{"href":"https:\/\/miracoeppikus.de\/en\/wp-json\/wp\/v2\/media?parent=11"}],"curies":[{"name":"wp","href":"https:\/\/api.w.org\/{rel}","templated":true}]}}